{"id":93,"date":"2025-01-02T22:10:19","date_gmt":"2025-01-02T22:10:19","guid":{"rendered":"https:\/\/een-fijne-vakantie.nl\/?page_id=93"},"modified":"2025-01-06T21:57:44","modified_gmt":"2025-01-06T21:57:44","slug":"frankrijk-meer-van-annecy","status":"publish","type":"page","link":"https:\/\/een-fijne-vakantie.nl\/index.php\/frankrijk-meer-van-annecy\/","title":{"rendered":"Frankrijk &#8211; Meer van Annecy"},"content":{"rendered":"\n<p><\/p>\n\n\n\n<div class=\"wp-block-uagb-container uagb-block-d06b2ca7 alignfull uagb-is-root-container\"><div class=\"uagb-container-inner-blocks-wrap\">\n<figure class=\"wp-block-image size-large\"><img loading=\"lazy\" decoding=\"async\" width=\"1024\" height=\"768\" src=\"https:\/\/een-fijne-vakantie.nl\/wp-content\/uploads\/2025\/01\/20130509_175026-1024x768.jpg\" alt=\"\" class=\"wp-image-50\" srcset=\"https:\/\/een-fijne-vakantie.nl\/wp-content\/uploads\/2025\/01\/20130509_175026-1024x768.jpg 1024w, https:\/\/een-fijne-vakantie.nl\/wp-content\/uploads\/2025\/01\/20130509_175026-300x225.jpg 300w, https:\/\/een-fijne-vakantie.nl\/wp-content\/uploads\/2025\/01\/20130509_175026-768x576.jpg 768w, https:\/\/een-fijne-vakantie.nl\/wp-content\/uploads\/2025\/01\/20130509_175026-1536x1152.jpg 1536w, https:\/\/een-fijne-vakantie.nl\/wp-content\/uploads\/2025\/01\/20130509_175026-2048x1536.jpg 2048w\" sizes=\"auto, (max-width: 1024px) 100vw, 1024px\" \/><figcaption class=\"wp-element-caption\">User comments<\/figcaption><\/figure>\n\n\n\n<div class=\"wp-block-columns is-layout-flex wp-container-core-columns-is-layout-28f84493 wp-block-columns-is-layout-flex\">\n<div class=\"wp-block-column is-layout-flow wp-block-column-is-layout-flow\" style=\"flex-basis:100%\">\n<div class=\"wp-block-uagb-container uagb-block-a8c5ae5f\">\n<div class=\"wp-block-columns is-layout-flex wp-container-core-columns-is-layout-28f84493 wp-block-columns-is-layout-flex\">\n<div class=\"wp-block-column is-layout-flow wp-block-column-is-layout-flow\"><\/div>\n<\/div>\n<\/div>\n<\/div>\n<\/div>\n<\/div><\/div>\n\n\n\n<div class=\"wp-block-uagb-container uagb-block-0cd28b29 alignfull uagb-is-root-container\"><div class=\"uagb-container-inner-blocks-wrap\">\n<div class=\"wp-block-uagb-info-box uagb-block-d18359fa uagb-infobox__content-wrap  uagb-infobox-icon-above-title uagb-infobox-image-valign-top\"><div class=\"uagb-ifb-content\"><div class=\"uagb-ifb-title-wrap\"><h3 class=\"uagb-ifb-title\">Meer van Annecy<\/h3><\/div><p class=\"uagb-ifb-desc\">Het chalet is gelegen op Parc residentiele de la Nubli\u00e8re in Doussard, dat onderdeel is van camp\u00e9ole la Nubli\u00e8re. De ene helft van het Parc is camping, de andere helft bestaat uit chalets. Samen maken ze gebruik van diverse faciliteiten zoals:<br>Een eigen strand aan het meer van Annecy<br>Een campingwinkel voor de dagelijkse boodschappen<br>Een restaurant en snackbar in de buurt<br>WiFi mogelijkheden (niet bij het chalet) tegen betaling bij de receptie<br>Het chalet ligt &nbsp;op &nbsp;900 km van &nbsp;Eindhoven (circa 10 uur rijden), aan de zuidkant van het meer van Annecy in Frankrijk (Doussard). Het chalet is voor geschikt voor 4\/5 personen (2 volwassenen en 2 \u00e0 3 kinderen)<br><\/p><\/div><\/div>\n<\/div><\/div>\n\n\n\n<div class=\"wp-block-uagb-container uagb-block-2d6764eb alignfull uagb-is-root-container\"><div class=\"uagb-container-inner-blocks-wrap\">\n<div class=\"wp-block-uagb-container uagb-block-1c9854be\">\n<p><br>In een chalet treft u aan; een woonkamer met open keuken en<br>eethoek, twee slaapkamers, een aparte wc en een<br>badkamer met douchecabine en wasmachine. &nbsp;Verder biedt<br>het chalet voldoende privacy rondom om lekker van de<br>zon te genieten.<br><br>U kunt tussen 7:00 en 23:00 uur met uw pasje het terrein<br>oprijden. &nbsp;Uw auto kunt u naast het huisje, op uw eigen<br>parkeerplaats parkeren.<br><br>In de omgeving is veel te doen en te zien, zoals:<br>Zwemmen in het meer (eigen strand op de camping)<br>Fietsen<br>Skate-baan (tegenover de ingang van het Parc<br>Golf (twee 18-holes golfbanen in de buurt)<br>Delta vliegen (Duo sprong)<br>Watersporten (surfen, zeilen, etc)<br>Wandelen (evt met gids)<br>Stadbezoek (Annecy en Albertville)<\/p>\n<\/div>\n\n\n\n<div class=\"wp-block-uagb-container uagb-block-b1270e2a\">\t\t\t<div \n\t\t\tclass=\"wp-block-uagb-google-map uagb-google-map__wrap uagb-block-4102a7ac     \"\n\t\t\tstyle=\"\" >\n\t\t\t\t<embed\n\t\t\t\t\tclass=\"uagb-google-map__iframe\"\n\t\t\t\t\ttitle=\"Google Map voor \"\n\t\t\t\t\tsrc=\"https:\/\/maps.google.com\/maps?q=la%20nubliere%20doussard&#038;z=12&#038;hl=en&#038;t=m&#038;output=embed&#038;iwloc=near\"\n\t\t\t\t\twidth=\"640\"\n\t\t\t\t\theight=\"300\"\n\t\t\t\t\tloading=\"lazy\"\n\t\t\t\t><\/embed>\n\t\t\t<\/div>\n\t\t\t<\/div>\n<\/div><\/div>\n\n\n\n<div class=\"wp-block-uagb-container uagb-block-07c9a308 alignfull uagb-is-root-container\"><div class=\"uagb-container-inner-blocks-wrap\">\n<div class=\"wp-block-uagb-container uagb-block-d53d2f41\">\n<figure class=\"wp-block-image size-full has-custom-border\"><img loading=\"lazy\" decoding=\"async\" width=\"2560\" height=\"1920\" src=\"https:\/\/een-fijne-vakantie.nl\/wp-content\/uploads\/2025\/01\/20121017_145253-scaled.jpg\" alt=\"\" class=\"wp-image-41\" style=\"border-style:none;border-width:0px\" srcset=\"https:\/\/een-fijne-vakantie.nl\/wp-content\/uploads\/2025\/01\/20121017_145253-scaled.jpg 2560w, https:\/\/een-fijne-vakantie.nl\/wp-content\/uploads\/2025\/01\/20121017_145253-300x225.jpg 300w, https:\/\/een-fijne-vakantie.nl\/wp-content\/uploads\/2025\/01\/20121017_145253-1024x768.jpg 1024w, https:\/\/een-fijne-vakantie.nl\/wp-content\/uploads\/2025\/01\/20121017_145253-768x576.jpg 768w, https:\/\/een-fijne-vakantie.nl\/wp-content\/uploads\/2025\/01\/20121017_145253-1536x1152.jpg 1536w, https:\/\/een-fijne-vakantie.nl\/wp-content\/uploads\/2025\/01\/20121017_145253-2048x1536.jpg 2048w\" sizes=\"auto, (max-width: 2560px) 100vw, 2560px\" \/><figcaption class=\"wp-element-caption\">User comments<\/figcaption><\/figure>\n<\/div>\n\n\n\n<div class=\"wp-block-uagb-container uagb-block-7736ce70\">\n<figure class=\"wp-block-image size-large\"><img loading=\"lazy\" decoding=\"async\" width=\"683\" height=\"1024\" src=\"https:\/\/een-fijne-vakantie.nl\/wp-content\/uploads\/2025\/01\/P1110931-683x1024.jpg\" alt=\"\" class=\"wp-image-133\" srcset=\"https:\/\/een-fijne-vakantie.nl\/wp-content\/uploads\/2025\/01\/P1110931-683x1024.jpg 683w, https:\/\/een-fijne-vakantie.nl\/wp-content\/uploads\/2025\/01\/P1110931-200x300.jpg 200w, https:\/\/een-fijne-vakantie.nl\/wp-content\/uploads\/2025\/01\/P1110931-768x1152.jpg 768w, https:\/\/een-fijne-vakantie.nl\/wp-content\/uploads\/2025\/01\/P1110931-1024x1536.jpg 1024w, https:\/\/een-fijne-vakantie.nl\/wp-content\/uploads\/2025\/01\/P1110931-1365x2048.jpg 1365w, https:\/\/een-fijne-vakantie.nl\/wp-content\/uploads\/2025\/01\/P1110931-scaled.jpg 1707w\" sizes=\"auto, (max-width: 683px) 100vw, 683px\" \/><\/figure>\n\n\n\n<div class=\"wp-block-uagb-image uagb-block-554fa479 wp-block-uagb-image--layout-default wp-block-uagb-image--effect-static wp-block-uagb-image--align-none\"><figure class=\"wp-block-uagb-image__figure\"><img decoding=\"async\" srcset=\"https:\/\/een-fijne-vakantie.nl\/wp-content\/uploads\/2025\/01\/P1110935-683x1024.jpg ,https:\/\/een-fijne-vakantie.nl\/wp-content\/uploads\/2025\/01\/P1110935-scaled.jpg 780w, https:\/\/een-fijne-vakantie.nl\/wp-content\/uploads\/2025\/01\/P1110935-scaled.jpg 360w\" sizes=\"auto, (max-width: 480px) 150px\" src=\"https:\/\/een-fijne-vakantie.nl\/wp-content\/uploads\/2025\/01\/P1110935-683x1024.jpg\" alt=\"\" class=\"uag-image-137\" width=\"683\" height=\"1024\" title=\"P1110935\" loading=\"lazy\" role=\"img\"\/><\/figure><\/div>\n<\/div>\n\n\n\n<div class=\"wp-block-uagb-container uagb-block-ec56a6af\">\n<figure class=\"wp-block-image size-large\"><img loading=\"lazy\" decoding=\"async\" width=\"683\" height=\"1024\" src=\"https:\/\/een-fijne-vakantie.nl\/wp-content\/uploads\/2025\/01\/P1110947-683x1024.jpg\" alt=\"\" class=\"wp-image-149\" srcset=\"https:\/\/een-fijne-vakantie.nl\/wp-content\/uploads\/2025\/01\/P1110947-683x1024.jpg 683w, https:\/\/een-fijne-vakantie.nl\/wp-content\/uploads\/2025\/01\/P1110947-200x300.jpg 200w, https:\/\/een-fijne-vakantie.nl\/wp-content\/uploads\/2025\/01\/P1110947-768x1152.jpg 768w, https:\/\/een-fijne-vakantie.nl\/wp-content\/uploads\/2025\/01\/P1110947-1024x1536.jpg 1024w, https:\/\/een-fijne-vakantie.nl\/wp-content\/uploads\/2025\/01\/P1110947-1365x2048.jpg 1365w, https:\/\/een-fijne-vakantie.nl\/wp-content\/uploads\/2025\/01\/P1110947-scaled.jpg 1707w\" sizes=\"auto, (max-width: 683px) 100vw, 683px\" \/><\/figure>\n<\/div>\n\n\n\n<div class=\"wp-block-uagb-container uagb-block-591cb6d4\">\n<figure class=\"wp-block-image size-large\"><img loading=\"lazy\" decoding=\"async\" width=\"1024\" height=\"683\" src=\"https:\/\/een-fijne-vakantie.nl\/wp-content\/uploads\/2025\/01\/P1110948-1024x683.jpg\" alt=\"\" class=\"wp-image-150\" srcset=\"https:\/\/een-fijne-vakantie.nl\/wp-content\/uploads\/2025\/01\/P1110948-1024x683.jpg 1024w, https:\/\/een-fijne-vakantie.nl\/wp-content\/uploads\/2025\/01\/P1110948-300x200.jpg 300w, https:\/\/een-fijne-vakantie.nl\/wp-content\/uploads\/2025\/01\/P1110948-768x512.jpg 768w, https:\/\/een-fijne-vakantie.nl\/wp-content\/uploads\/2025\/01\/P1110948-1536x1024.jpg 1536w, https:\/\/een-fijne-vakantie.nl\/wp-content\/uploads\/2025\/01\/P1110948-2048x1365.jpg 2048w\" sizes=\"auto, (max-width: 1024px) 100vw, 1024px\" \/><\/figure>\n<\/div>\n\n\n\n<div class=\"wp-block-uagb-image uagb-block-24ac92fa wp-block-uagb-image--layout-default wp-block-uagb-image--effect-static wp-block-uagb-image--align-none\"><figure class=\"wp-block-uagb-image__figure\"><img decoding=\"async\" srcset=\"https:\/\/een-fijne-vakantie.nl\/wp-content\/uploads\/2025\/01\/IMG-20171105-WA0006.jpg ,https:\/\/een-fijne-vakantie.nl\/wp-content\/uploads\/2025\/01\/IMG-20171105-WA0006.jpg 780w, https:\/\/een-fijne-vakantie.nl\/wp-content\/uploads\/2025\/01\/IMG-20171105-WA0006.jpg 360w\" sizes=\"auto, (max-width: 480px) 150px\" src=\"https:\/\/een-fijne-vakantie.nl\/wp-content\/uploads\/2025\/01\/IMG-20171105-WA0006.jpg\" alt=\"\" class=\"uag-image-129\" width=\"1024\" height=\"768\" title=\"IMG-20171105-WA0006\" loading=\"lazy\" role=\"img\"\/><\/figure><\/div>\n<\/div><\/div>\n\n\n\n<div class=\"wp-block-uagb-call-to-action uagb-block-5bcadc50 wp-block-button\"><div class=\"uagb-cta__wrap\"><h3 class=\"uagb-cta__title\">Prijs + Beschikbaarheid<\/h3><p class=\"uagb-cta__desc\">Klik voor op de button voor de actuele prijs en beschikbaarheid per week.<\/p><\/div><div class=\"uagb-cta__buttons\"><a href=\"https:\/\/een-fijne-vakantie.nl\/index.php\/prijs-en-beschikbaarheid\/\" class=\"uagb-cta__button-link-wrapper wp-block-button__link\" target=\"_blank\" rel=\"noopener noreferrer\">Prijs \/ Beschikbaarheid<\/a><\/div><\/div>\n\n\n\n<p><\/p>\n","protected":false},"excerpt":{"rendered":"<p>In een chalet treft u aan; een woonkamer met open keuken eneethoek, twee slaapkamers, een aparte wc en eenbadkamer met [&hellip;]<\/p>\n","protected":false},"author":1,"featured_media":0,"parent":0,"menu_order":0,"comment_status":"closed","ping_status":"closed","template":"","meta":{"_uag_custom_page_level_css":"","site-sidebar-layout":"default","site-content-layout":"","ast-site-content-layout":"","site-content-style":"default","site-sidebar-style":"default","ast-global-header-display":"","ast-banner-title-visibility":"","ast-main-header-display":"","ast-hfb-above-header-display":"","ast-hfb-below-header-display":"","ast-hfb-mobile-header-display":"","site-post-title":"","ast-breadcrumbs-content":"","ast-featured-img":"","footer-sml-layout":"","theme-transparent-header-meta":"","adv-header-id-meta":"","stick-header-meta":"","header-above-stick-meta":"","header-main-stick-meta":"","header-below-stick-meta":"","astra-migrate-meta-layouts":"default","ast-page-background-enabled":"default","ast-page-background-meta":{"desktop":{"background-color":"var(--ast-global-color-5)","background-image":"","background-repeat":"repeat","background-position":"center center","background-size":"auto","background-attachment":"scroll","background-type":"","background-media":"","overlay-type":"","overlay-color":"","overlay-opacity":"","overlay-gradient":""},"tablet":{"background-color":"","background-image":"","background-repeat":"repeat","background-position":"center center","background-size":"auto","background-attachment":"scroll","background-type":"","background-media":"","overlay-type":"","overlay-color":"","overlay-opacity":"","overlay-gradient":""},"mobile":{"background-color":"","background-image":"","background-repeat":"repeat","background-position":"center center","background-size":"auto","background-attachment":"scroll","background-type":"","background-media":"","overlay-type":"","overlay-color":"","overlay-opacity":"","overlay-gradient":""}},"ast-content-background-meta":{"desktop":{"background-color":"var(--ast-global-color-4)","background-image":"","background-repeat":"repeat","background-position":"center center","background-size":"auto","background-attachment":"scroll","background-type":"","background-media":"","overlay-type":"","overlay-color":"","overlay-opacity":"","overlay-gradient":""},"tablet":{"background-color":"var(--ast-global-color-4)","background-image":"","background-repeat":"repeat","background-position":"center center","background-size":"auto","background-attachment":"scroll","background-type":"","background-media":"","overlay-type":"","overlay-color":"","overlay-opacity":"","overlay-gradient":""},"mobile":{"background-color":"var(--ast-global-color-4)","background-image":"","background-repeat":"repeat","background-position":"center center","background-size":"auto","background-attachment":"scroll","background-type":"","background-media":"","overlay-type":"","overlay-color":"","overlay-opacity":"","overlay-gradient":""}},"footnotes":""},"class_list":["post-93","page","type-page","status-publish","hentry"],"uagb_featured_image_src":{"full":false,"thumbnail":false,"medium":false,"medium_large":false,"large":false,"1536x1536":false,"2048x2048":false},"uagb_author_info":{"display_name":"admin","author_link":"https:\/\/een-fijne-vakantie.nl\/index.php\/author\/ehgmverweij-67\/"},"uagb_comment_info":0,"uagb_excerpt":"In een chalet treft u aan; een woonkamer met open keuken eneethoek, twee slaapkamers, een aparte wc en eenbadkamer met [&hellip;]","_links":{"self":[{"href":"https:\/\/een-fijne-vakantie.nl\/index.php\/wp-json\/wp\/v2\/pages\/93","targetHints":{"allow":["GET"]}}],"collection":[{"href":"https:\/\/een-fijne-vakantie.nl\/index.php\/wp-json\/wp\/v2\/pages"}],"about":[{"href":"https:\/\/een-fijne-vakantie.nl\/index.php\/wp-json\/wp\/v2\/types\/page"}],"author":[{"embeddable":true,"href":"https:\/\/een-fijne-vakantie.nl\/index.php\/wp-json\/wp\/v2\/users\/1"}],"replies":[{"embeddable":true,"href":"https:\/\/een-fijne-vakantie.nl\/index.php\/wp-json\/wp\/v2\/comments?post=93"}],"version-history":[{"count":4,"href":"https:\/\/een-fijne-vakantie.nl\/index.php\/wp-json\/wp\/v2\/pages\/93\/revisions"}],"predecessor-version":[{"id":215,"href":"https:\/\/een-fijne-vakantie.nl\/index.php\/wp-json\/wp\/v2\/pages\/93\/revisions\/215"}],"wp:attachment":[{"href":"https:\/\/een-fijne-vakantie.nl\/index.php\/wp-json\/wp\/v2\/media?parent=93"}],"curies":[{"name":"wp","href":"https:\/\/api.w.org\/{rel}","templated":true}]}}